{"id":8405,"date":"2025-08-28T09:35:24","date_gmt":"2025-08-28T09:35:24","guid":{"rendered":"https:\/\/fruita.com.tr\/?post_type=product&#038;p=8405"},"modified":"2025-11-24T12:18:07","modified_gmt":"2025-11-24T12:18:07","slug":"findikli-cilekli-whey-proteinli-krem-200g","status":"publish","type":"product","link":"https:\/\/fruita.com.tr\/tr\/urun\/findikli-cilekli-whey-proteinli-krem-200g\/","title":{"rendered":"F\u0131nd\u0131kl\u0131 \u00c7ilekli Whey Proteinli Krema 200g"},"content":{"rendered":"","protected":false},"excerpt":{"rendered":"<p data-start=\"609\" data-end=\"652\"><strong data-start=\"609\" data-end=\"650\">FRUITA PAKET B\u0130R\u0130M A\u011eIRLI\u011eI GR: 200 g<\/strong><\/p>\n<p data-start=\"710\" data-end=\"832\"><strong data-start=\"710\" data-end=\"723\">A\u00e7\u0131klama:<\/strong><br data-start=\"723\" data-end=\"726\" \/>&#8220;Protein ve lif bak\u0131m\u0131ndan zengin; f\u0131nd\u0131k, \u00e7ilek ve whey proteini ile meyvemsi ve besleyici bir lezzet.&#8221;<\/p>\n<h5 data-start=\"834\" data-end=\"869\"><strong data-start=\"834\" data-end=\"867\">Besin De\u011ferleri:<\/strong><\/h5>\n<h6 data-start=\"872\" data-end=\"896\">Enerji: <strong data-start=\"880\" data-end=\"894\">448,9 kcal<\/strong><\/h6>\n<h6 data-start=\"899\" data-end=\"946\">Ya\u011f: <strong data-start=\"904\" data-end=\"915\">33,42 g<\/strong> (Doymu\u015f: 5,36 g, Trans: 0 g)<\/h6>\n<h6 data-start=\"949\" data-end=\"992\">Karbonhidrat: <strong data-start=\"963\" data-end=\"974\">31,06 g<\/strong> (\u015eeker: 4,10 g)<\/h6>\n<h6 data-start=\"995\" data-end=\"1013\">Lif: <strong data-start=\"1000\" data-end=\"1011\">21,92 g<\/strong><\/h6>\n<h6 data-start=\"1016\" data-end=\"1038\">Protein: <strong data-start=\"1025\" data-end=\"1036\">30,11 g<\/strong><\/h6>\n<h6 data-start=\"1041\" data-end=\"1058\">Tuz: <strong data-start=\"1046\" data-end=\"1056\">0,36 g<\/strong><\/h6>\n","protected":false},"featured_media":8406,"template":"","meta":[],"product_brand":[],"product_cat":[176],"product_tag":[],"class_list":{"0":"post-8405","1":"product","2":"type-product","3":"status-publish","4":"has-post-thumbnail","6":"product_cat-whey-protein-cikolata","8":"first","9":"instock","10":"shipping-taxable","11":"product-type-simple"},"_links":{"self":[{"href":"https:\/\/fruita.com.tr\/tr\/wp-json\/wp\/v2\/product\/8405","targetHints":{"allow":["GET"]}}],"collection":[{"href":"https:\/\/fruita.com.tr\/tr\/wp-json\/wp\/v2\/product"}],"about":[{"href":"https:\/\/fruita.com.tr\/tr\/wp-json\/wp\/v2\/types\/product"}],"wp:featuredmedia":[{"embeddable":true,"href":"https:\/\/fruita.com.tr\/tr\/wp-json\/wp\/v2\/media\/8406"}],"wp:attachment":[{"href":"https:\/\/fruita.com.tr\/tr\/wp-json\/wp\/v2\/media?parent=8405"}],"wp:term":[{"taxonomy":"product_brand","embeddable":true,"href":"https:\/\/fruita.com.tr\/tr\/wp-json\/wp\/v2\/product_brand?post=8405"},{"taxonomy":"product_cat","embeddable":true,"href":"https:\/\/fruita.com.tr\/tr\/wp-json\/wp\/v2\/product_cat?post=8405"},{"taxonomy":"product_tag","embeddable":true,"href":"https:\/\/fruita.com.tr\/tr\/wp-json\/wp\/v2\/product_tag?post=8405"}],"curies":[{"name":"wp","href":"https:\/\/api.w.org\/{rel}","templated":true}]}}