{"id":8404,"date":"2025-08-28T09:29:46","date_gmt":"2025-08-28T09:29:46","guid":{"rendered":"https:\/\/fruita.com.tr\/?post_type=product&#038;p=8404"},"modified":"2025-11-24T12:18:42","modified_gmt":"2025-11-24T12:18:42","slug":"findikli-bitter-cikolatali-whey-proteinli-krem-200g","status":"publish","type":"product","link":"https:\/\/fruita.com.tr\/tr\/urun\/findikli-bitter-cikolatali-whey-proteinli-krem-200g\/","title":{"rendered":"F\u0131nd\u0131kl\u0131 Bitter \u00c7ikolatal\u0131 Whey Proteinli Krema 200g"},"content":{"rendered":"","protected":false},"excerpt":{"rendered":"<p data-start=\"644\" data-end=\"687\"><strong data-start=\"644\" data-end=\"685\">FRUITA PAKET B\u0130R\u0130M A\u011eIRLI\u011eI GR: 200 g<\/strong><\/p>\n<p data-start=\"644\" data-end=\"687\"><strong data-start=\"755\" data-end=\"768\">A\u00e7\u0131klama:<\/strong><br data-start=\"768\" data-end=\"771\" \/>&#8220;Protein ve lif bak\u0131m\u0131ndan zengin; f\u0131nd\u0131k, bitter \u00e7ikolata ve whey proteini ile besleyici bir lezzet.&#8221;<\/p>\n<h5 data-start=\"877\" data-end=\"912\"><strong data-start=\"877\" data-end=\"910\">Besin De\u011ferleri:<\/strong><\/h5>\n<h6 data-start=\"915\" data-end=\"939\">Enerji: <strong data-start=\"923\" data-end=\"937\">448,9 kcal<\/strong><\/h6>\n<h6 data-start=\"942\" data-end=\"989\">Ya\u011f: <strong data-start=\"947\" data-end=\"958\">33,42 g<\/strong> (Doymu\u015f: 5,36 g, Trans: 0 g)<\/h6>\n<h6 data-start=\"992\" data-end=\"1035\">Karbonhidrat: <strong data-start=\"1006\" data-end=\"1017\">31,06 g<\/strong> (\u015eeker: 4,10 g)<\/h6>\n<h6 data-start=\"1038\" data-end=\"1056\">Lif: <strong data-start=\"1043\" data-end=\"1054\">21,92 g<\/strong><\/h6>\n<h6 data-start=\"1059\" data-end=\"1081\">Protein: <strong data-start=\"1068\" data-end=\"1079\">30,11 g<\/strong><\/h6>\n<h6 data-start=\"1084\" data-end=\"1101\">Tuz: <strong data-start=\"1089\" data-end=\"1099\">0,36 g<\/strong><\/h6>\n","protected":false},"featured_media":8403,"template":"","meta":[],"product_brand":[],"product_cat":[176],"product_tag":[],"class_list":{"0":"post-8404","1":"product","2":"type-product","3":"status-publish","4":"has-post-thumbnail","6":"product_cat-whey-protein-cikolata","8":"first","9":"instock","10":"shipping-taxable","11":"product-type-simple"},"_links":{"self":[{"href":"https:\/\/fruita.com.tr\/tr\/wp-json\/wp\/v2\/product\/8404","targetHints":{"allow":["GET"]}}],"collection":[{"href":"https:\/\/fruita.com.tr\/tr\/wp-json\/wp\/v2\/product"}],"about":[{"href":"https:\/\/fruita.com.tr\/tr\/wp-json\/wp\/v2\/types\/product"}],"wp:featuredmedia":[{"embeddable":true,"href":"https:\/\/fruita.com.tr\/tr\/wp-json\/wp\/v2\/media\/8403"}],"wp:attachment":[{"href":"https:\/\/fruita.com.tr\/tr\/wp-json\/wp\/v2\/media?parent=8404"}],"wp:term":[{"taxonomy":"product_brand","embeddable":true,"href":"https:\/\/fruita.com.tr\/tr\/wp-json\/wp\/v2\/product_brand?post=8404"},{"taxonomy":"product_cat","embeddable":true,"href":"https:\/\/fruita.com.tr\/tr\/wp-json\/wp\/v2\/product_cat?post=8404"},{"taxonomy":"product_tag","embeddable":true,"href":"https:\/\/fruita.com.tr\/tr\/wp-json\/wp\/v2\/product_tag?post=8404"}],"curies":[{"name":"wp","href":"https:\/\/api.w.org\/{rel}","templated":true}]}}