{"id":8399,"date":"2025-08-28T09:16:25","date_gmt":"2025-08-28T09:16:25","guid":{"rendered":"https:\/\/fruita.com.tr\/?post_type=product&#038;p=8399"},"modified":"2025-11-24T12:19:15","modified_gmt":"2025-11-24T12:19:15","slug":"findikli-whey-proteinli-krem-200g","status":"publish","type":"product","link":"https:\/\/fruita.com.tr\/tr\/urun\/findikli-whey-proteinli-krem-200g\/","title":{"rendered":"F\u0131nd\u0131kl\u0131 S\u00fctl\u00fc \u00c7ikolatal\u0131 Whey Proteinli Krema 200g"},"content":{"rendered":"","protected":false},"excerpt":{"rendered":"<p data-start=\"120\" data-end=\"163\"><strong data-start=\"120\" data-end=\"161\">FRUITA PAKET B\u0130R\u0130M A\u011eIRLI\u011eI GR: 200 g<\/strong><\/p>\n<p data-start=\"213\" data-end=\"323\"><strong data-start=\"213\" data-end=\"226\">A\u00e7\u0131klama:<\/strong><br data-start=\"226\" data-end=\"229\" \/>&#8220;Protein ve lif bak\u0131m\u0131ndan zengin; f\u0131nd\u0131k, whey proteini ve kakao ile besleyici bir lezzet.&#8221;<\/p>\n<h5 data-start=\"325\" data-end=\"360\"><strong data-start=\"325\" data-end=\"358\">Besin De\u011ferleri:<\/strong><\/h5>\n<h6 data-start=\"363\" data-end=\"387\">Enerji: <strong data-start=\"371\" data-end=\"385\">448,9 kcal<\/strong><\/h6>\n<h6 data-start=\"390\" data-end=\"437\">Ya\u011f: <strong data-start=\"395\" data-end=\"406\">33,42 g<\/strong> (Doymu\u015f: 5,36 g, Trans: 0 g)<\/h6>\n<h6 data-start=\"440\" data-end=\"483\">Karbonhidrat: <strong data-start=\"454\" data-end=\"465\">31,06 g<\/strong> (\u015eeker: 4,10 g)<\/h6>\n<h6 data-start=\"486\" data-end=\"504\">Lif: <strong data-start=\"491\" data-end=\"502\">21,92 g<\/strong><\/h6>\n<h6 data-start=\"507\" data-end=\"529\">Protein: <strong data-start=\"516\" data-end=\"527\">30,11 g<\/strong><\/h6>\n<h6 data-start=\"532\" data-end=\"549\">Tuz: <strong data-start=\"537\" data-end=\"547\">0,36 g<\/strong><\/h6>\n","protected":false},"featured_media":8397,"template":"","meta":[],"product_brand":[],"product_cat":[176],"product_tag":[],"class_list":{"0":"post-8399","1":"product","2":"type-product","3":"status-publish","4":"has-post-thumbnail","6":"product_cat-whey-protein-cikolata","8":"first","9":"instock","10":"shipping-taxable","11":"product-type-simple"},"_links":{"self":[{"href":"https:\/\/fruita.com.tr\/tr\/wp-json\/wp\/v2\/product\/8399","targetHints":{"allow":["GET"]}}],"collection":[{"href":"https:\/\/fruita.com.tr\/tr\/wp-json\/wp\/v2\/product"}],"about":[{"href":"https:\/\/fruita.com.tr\/tr\/wp-json\/wp\/v2\/types\/product"}],"wp:featuredmedia":[{"embeddable":true,"href":"https:\/\/fruita.com.tr\/tr\/wp-json\/wp\/v2\/media\/8397"}],"wp:attachment":[{"href":"https:\/\/fruita.com.tr\/tr\/wp-json\/wp\/v2\/media?parent=8399"}],"wp:term":[{"taxonomy":"product_brand","embeddable":true,"href":"https:\/\/fruita.com.tr\/tr\/wp-json\/wp\/v2\/product_brand?post=8399"},{"taxonomy":"product_cat","embeddable":true,"href":"https:\/\/fruita.com.tr\/tr\/wp-json\/wp\/v2\/product_cat?post=8399"},{"taxonomy":"product_tag","embeddable":true,"href":"https:\/\/fruita.com.tr\/tr\/wp-json\/wp\/v2\/product_tag?post=8399"}],"curies":[{"name":"wp","href":"https:\/\/api.w.org\/{rel}","templated":true}]}}