{"id":7822,"date":"2025-03-25T09:16:15","date_gmt":"2025-03-25T09:16:15","guid":{"rendered":"https:\/\/fruita.com.tr\/?post_type=product&#038;p=7822"},"modified":"2025-04-09T13:03:32","modified_gmt":"2025-04-09T13:03:32","slug":"tropikal-mix-mango-ananas-muz","status":"publish","type":"product","link":"https:\/\/fruita.com.tr\/tr\/urun\/tropikal-mix-mango-ananas-muz\/","title":{"rendered":"Tropikal Mix Mango-Ananas-Muz"},"content":{"rendered":"","protected":false},"excerpt":{"rendered":"<p>FRUITA PAKET B\u0130R\u0130M A\u011eIRLI\u011eI (gr): 12<br \/>\n\u00dcr\u00fcn Numaras\u0131: &#8211;<br \/>\nHS Kodu: &#8211;<\/p>\n","protected":false},"featured_media":7824,"template":"","meta":[],"product_brand":[],"product_cat":[167],"product_tag":[],"class_list":{"0":"post-7822","1":"product","2":"type-product","3":"status-publish","4":"has-post-thumbnail","6":"product_cat-detox-meyve-barlari","8":"first","9":"instock","10":"virtual","11":"product-type-simple"},"_links":{"self":[{"href":"https:\/\/fruita.com.tr\/tr\/wp-json\/wp\/v2\/product\/7822","targetHints":{"allow":["GET"]}}],"collection":[{"href":"https:\/\/fruita.com.tr\/tr\/wp-json\/wp\/v2\/product"}],"about":[{"href":"https:\/\/fruita.com.tr\/tr\/wp-json\/wp\/v2\/types\/product"}],"wp:featuredmedia":[{"embeddable":true,"href":"https:\/\/fruita.com.tr\/tr\/wp-json\/wp\/v2\/media\/7824"}],"wp:attachment":[{"href":"https:\/\/fruita.com.tr\/tr\/wp-json\/wp\/v2\/media?parent=7822"}],"wp:term":[{"taxonomy":"product_brand","embeddable":true,"href":"https:\/\/fruita.com.tr\/tr\/wp-json\/wp\/v2\/product_brand?post=7822"},{"taxonomy":"product_cat","embeddable":true,"href":"https:\/\/fruita.com.tr\/tr\/wp-json\/wp\/v2\/product_cat?post=7822"},{"taxonomy":"product_tag","embeddable":true,"href":"https:\/\/fruita.com.tr\/tr\/wp-json\/wp\/v2\/product_tag?post=7822"}],"curies":[{"name":"wp","href":"https:\/\/api.w.org\/{rel}","templated":true}]}}