{"id":7721,"date":"2025-02-17T10:25:31","date_gmt":"2025-02-17T10:25:31","guid":{"rendered":"https:\/\/fruita.com.tr\/?post_type=product&#038;p=7721"},"modified":"2025-02-17T10:28:29","modified_gmt":"2025-02-17T10:28:29","slug":"bitter-cikolata-kapli-dondurularak-kurutulmus-cilek","status":"publish","type":"product","link":"https:\/\/fruita.com.tr\/tr\/urun\/bitter-cikolata-kapli-dondurularak-kurutulmus-cilek\/","title":{"rendered":"Bitter \u00c7ikolata Kapl\u0131 Dondurularak Kurutulmu\u015f \u00c7ilek"},"content":{"rendered":"","protected":false},"excerpt":{"rendered":"<p>FRUITA PAKET B\u0130R\u0130M A\u011eIRLI\u011eI (gr): 80<br \/>\n\u00dcr\u00fcn Numaras\u0131: 8684184785070<br \/>\nHS Kodu: 1806.90.19.00.00<\/p>\n","protected":false},"featured_media":7723,"template":"","meta":[],"product_brand":[],"product_cat":[165],"product_tag":[],"class_list":{"0":"post-7721","1":"product","2":"type-product","3":"status-publish","4":"has-post-thumbnail","6":"product_cat-fruita-cikolata-kapli-freeze-dried-meyveler","8":"first","9":"instock","10":"virtual","11":"product-type-simple"},"_links":{"self":[{"href":"https:\/\/fruita.com.tr\/tr\/wp-json\/wp\/v2\/product\/7721","targetHints":{"allow":["GET"]}}],"collection":[{"href":"https:\/\/fruita.com.tr\/tr\/wp-json\/wp\/v2\/product"}],"about":[{"href":"https:\/\/fruita.com.tr\/tr\/wp-json\/wp\/v2\/types\/product"}],"wp:featuredmedia":[{"embeddable":true,"href":"https:\/\/fruita.com.tr\/tr\/wp-json\/wp\/v2\/media\/7723"}],"wp:attachment":[{"href":"https:\/\/fruita.com.tr\/tr\/wp-json\/wp\/v2\/media?parent=7721"}],"wp:term":[{"taxonomy":"product_brand","embeddable":true,"href":"https:\/\/fruita.com.tr\/tr\/wp-json\/wp\/v2\/product_brand?post=7721"},{"taxonomy":"product_cat","embeddable":true,"href":"https:\/\/fruita.com.tr\/tr\/wp-json\/wp\/v2\/product_cat?post=7721"},{"taxonomy":"product_tag","embeddable":true,"href":"https:\/\/fruita.com.tr\/tr\/wp-json\/wp\/v2\/product_tag?post=7721"}],"curies":[{"name":"wp","href":"https:\/\/api.w.org\/{rel}","templated":true}]}}