{"id":7706,"date":"2025-02-17T10:15:33","date_gmt":"2025-02-17T10:15:33","guid":{"rendered":"https:\/\/fruita.com.tr\/?post_type=product&#038;p=7706"},"modified":"2025-04-09T13:03:58","modified_gmt":"2025-04-09T13:03:58","slug":"sutlu-cikolata-kapli-dondurularak-kurutulmus-cilek","status":"publish","type":"product","link":"https:\/\/fruita.com.tr\/tr\/urun\/sutlu-cikolata-kapli-dondurularak-kurutulmus-cilek\/","title":{"rendered":"S\u00fctl\u00fc \u00c7ikolata Kapl\u0131 Dondurularak Kurutulmu\u015f \u00c7ilek"},"content":{"rendered":"","protected":false},"excerpt":{"rendered":"<p>FRUITA PAKET B\u0130R\u0130M A\u011eIRLI\u011eI (gr): 80<br \/>\n\u00dcr\u00fcn Numaras\u0131: 8684184785148<br \/>\nHS Kodu: 1806.90.19.00.00<\/p>\n","protected":false},"featured_media":7712,"template":"","meta":[],"product_brand":[],"product_cat":[165],"product_tag":[],"class_list":{"0":"post-7706","1":"product","2":"type-product","3":"status-publish","4":"has-post-thumbnail","6":"product_cat-fruita-cikolata-kapli-freeze-dried-meyveler","8":"first","9":"instock","10":"virtual","11":"product-type-simple"},"_links":{"self":[{"href":"https:\/\/fruita.com.tr\/tr\/wp-json\/wp\/v2\/product\/7706","targetHints":{"allow":["GET"]}}],"collection":[{"href":"https:\/\/fruita.com.tr\/tr\/wp-json\/wp\/v2\/product"}],"about":[{"href":"https:\/\/fruita.com.tr\/tr\/wp-json\/wp\/v2\/types\/product"}],"wp:featuredmedia":[{"embeddable":true,"href":"https:\/\/fruita.com.tr\/tr\/wp-json\/wp\/v2\/media\/7712"}],"wp:attachment":[{"href":"https:\/\/fruita.com.tr\/tr\/wp-json\/wp\/v2\/media?parent=7706"}],"wp:term":[{"taxonomy":"product_brand","embeddable":true,"href":"https:\/\/fruita.com.tr\/tr\/wp-json\/wp\/v2\/product_brand?post=7706"},{"taxonomy":"product_cat","embeddable":true,"href":"https:\/\/fruita.com.tr\/tr\/wp-json\/wp\/v2\/product_cat?post=7706"},{"taxonomy":"product_tag","embeddable":true,"href":"https:\/\/fruita.com.tr\/tr\/wp-json\/wp\/v2\/product_tag?post=7706"}],"curies":[{"name":"wp","href":"https:\/\/api.w.org\/{rel}","templated":true}]}}