{"id":7660,"date":"2025-02-17T09:41:29","date_gmt":"2025-02-17T09:41:29","guid":{"rendered":"https:\/\/fruita.com.tr\/?post_type=product&#038;p=7660"},"modified":"2025-03-25T09:27:11","modified_gmt":"2025-03-25T09:27:11","slug":"dondurularak-kurutulmus-bogurtlen","status":"publish","type":"product","link":"https:\/\/fruita.com.tr\/tr\/urun\/dondurularak-kurutulmus-bogurtlen\/","title":{"rendered":"Dondurularak Kurutulmu\u015f B\u00f6\u011f\u00fcrtlen"},"content":{"rendered":"","protected":false},"excerpt":{"rendered":"<p>FRUITAPAKET B\u0130R\u0130M A\u011eIRLI\u011eI (gr): 20<br \/>\n\u00dcr\u00fcn Numaras\u0131: 8684184785056<br \/>\nHS Kodu: 0805.10.80.00.00<\/p>\n","protected":false},"featured_media":7662,"template":"","meta":[],"product_brand":[],"product_cat":[163],"product_tag":[],"class_list":{"0":"post-7660","1":"product","2":"type-product","3":"status-publish","4":"has-post-thumbnail","6":"product_cat-atistirmalik-meyveler","8":"first","9":"instock","10":"virtual","11":"product-type-simple"},"_links":{"self":[{"href":"https:\/\/fruita.com.tr\/tr\/wp-json\/wp\/v2\/product\/7660","targetHints":{"allow":["GET"]}}],"collection":[{"href":"https:\/\/fruita.com.tr\/tr\/wp-json\/wp\/v2\/product"}],"about":[{"href":"https:\/\/fruita.com.tr\/tr\/wp-json\/wp\/v2\/types\/product"}],"wp:featuredmedia":[{"embeddable":true,"href":"https:\/\/fruita.com.tr\/tr\/wp-json\/wp\/v2\/media\/7662"}],"wp:attachment":[{"href":"https:\/\/fruita.com.tr\/tr\/wp-json\/wp\/v2\/media?parent=7660"}],"wp:term":[{"taxonomy":"product_brand","embeddable":true,"href":"https:\/\/fruita.com.tr\/tr\/wp-json\/wp\/v2\/product_brand?post=7660"},{"taxonomy":"product_cat","embeddable":true,"href":"https:\/\/fruita.com.tr\/tr\/wp-json\/wp\/v2\/product_cat?post=7660"},{"taxonomy":"product_tag","embeddable":true,"href":"https:\/\/fruita.com.tr\/tr\/wp-json\/wp\/v2\/product_tag?post=7660"}],"curies":[{"name":"wp","href":"https:\/\/api.w.org\/{rel}","templated":true}]}}