{"id":7637,"date":"2025-02-17T09:18:55","date_gmt":"2025-02-17T09:18:55","guid":{"rendered":"https:\/\/fruita.com.tr\/?post_type=product&#038;p=7637"},"modified":"2025-02-17T09:32:14","modified_gmt":"2025-02-17T09:32:14","slug":"dondurularak-kurutulmus-dilim-cilek-copy","status":"publish","type":"product","link":"https:\/\/fruita.com.tr\/tr\/urun\/dondurularak-kurutulmus-dilim-cilek-copy\/","title":{"rendered":"Dondurularak Kurutulmu\u015f Dilim \u0130ncir"},"content":{"rendered":"","protected":false},"excerpt":{"rendered":"<p>FRUITA PAKET B\u0130R\u0130M A\u011eIRLI\u011eI (Gr): 20<br \/>\n\u00dcr\u00fcn Numaras\u0131: 8684184785025<br \/>\nHS Kodu: 0804.20.90.00.19<\/p>\n","protected":false},"featured_media":7639,"template":"","meta":[],"product_brand":[],"product_cat":[163],"product_tag":[],"class_list":{"0":"post-7637","1":"product","2":"type-product","3":"status-publish","4":"has-post-thumbnail","6":"product_cat-atistirmalik-meyveler","8":"first","9":"instock","10":"virtual","11":"product-type-simple"},"_links":{"self":[{"href":"https:\/\/fruita.com.tr\/tr\/wp-json\/wp\/v2\/product\/7637","targetHints":{"allow":["GET"]}}],"collection":[{"href":"https:\/\/fruita.com.tr\/tr\/wp-json\/wp\/v2\/product"}],"about":[{"href":"https:\/\/fruita.com.tr\/tr\/wp-json\/wp\/v2\/types\/product"}],"wp:featuredmedia":[{"embeddable":true,"href":"https:\/\/fruita.com.tr\/tr\/wp-json\/wp\/v2\/media\/7639"}],"wp:attachment":[{"href":"https:\/\/fruita.com.tr\/tr\/wp-json\/wp\/v2\/media?parent=7637"}],"wp:term":[{"taxonomy":"product_brand","embeddable":true,"href":"https:\/\/fruita.com.tr\/tr\/wp-json\/wp\/v2\/product_brand?post=7637"},{"taxonomy":"product_cat","embeddable":true,"href":"https:\/\/fruita.com.tr\/tr\/wp-json\/wp\/v2\/product_cat?post=7637"},{"taxonomy":"product_tag","embeddable":true,"href":"https:\/\/fruita.com.tr\/tr\/wp-json\/wp\/v2\/product_tag?post=7637"}],"curies":[{"name":"wp","href":"https:\/\/api.w.org\/{rel}","templated":true}]}}