{"id":7629,"date":"2024-12-18T09:27:06","date_gmt":"2024-12-18T09:27:06","guid":{"rendered":"https:\/\/fruita.com.tr\/product\/dondurularak-kurutulmus-butun-cilek\/"},"modified":"2025-02-17T09:31:34","modified_gmt":"2025-02-17T09:31:34","slug":"dondurularak-kurutulmus-butun-cilek","status":"publish","type":"product","link":"https:\/\/fruita.com.tr\/tr\/urun\/dondurularak-kurutulmus-butun-cilek\/","title":{"rendered":"Dondurularak Kurutulmu\u015f B\u00fct\u00fcn \u00c7ilek"},"content":{"rendered":"","protected":false},"excerpt":{"rendered":"<p>FRU\u0130TA PAKET B\u0130R\u0130M A\u011eIRLI\u011eI (Gr): 15<br \/>\n\u00dcr\u00fcn Numaras\u0131: 8684184785001<br \/>\nHS Kodu: 0813.40.95.00.19<\/p>\n","protected":false},"featured_media":7628,"template":"","meta":[],"product_brand":[],"product_cat":[163],"product_tag":[],"class_list":{"0":"post-7629","1":"product","2":"type-product","3":"status-publish","4":"has-post-thumbnail","6":"product_cat-atistirmalik-meyveler","8":"first","9":"instock","10":"virtual","11":"product-type-simple"},"_links":{"self":[{"href":"https:\/\/fruita.com.tr\/tr\/wp-json\/wp\/v2\/product\/7629","targetHints":{"allow":["GET"]}}],"collection":[{"href":"https:\/\/fruita.com.tr\/tr\/wp-json\/wp\/v2\/product"}],"about":[{"href":"https:\/\/fruita.com.tr\/tr\/wp-json\/wp\/v2\/types\/product"}],"wp:featuredmedia":[{"embeddable":true,"href":"https:\/\/fruita.com.tr\/tr\/wp-json\/wp\/v2\/media\/7628"}],"wp:attachment":[{"href":"https:\/\/fruita.com.tr\/tr\/wp-json\/wp\/v2\/media?parent=7629"}],"wp:term":[{"taxonomy":"product_brand","embeddable":true,"href":"https:\/\/fruita.com.tr\/tr\/wp-json\/wp\/v2\/product_brand?post=7629"},{"taxonomy":"product_cat","embeddable":true,"href":"https:\/\/fruita.com.tr\/tr\/wp-json\/wp\/v2\/product_cat?post=7629"},{"taxonomy":"product_tag","embeddable":true,"href":"https:\/\/fruita.com.tr\/tr\/wp-json\/wp\/v2\/product_tag?post=7629"}],"curies":[{"name":"wp","href":"https:\/\/api.w.org\/{rel}","templated":true}]}}