{"id":7787,"date":"2020-08-10T08:56:49","date_gmt":"2020-08-10T08:56:49","guid":{"rendered":"https:\/\/fruita.com.tr\/hakkimizda\/"},"modified":"2025-02-17T12:24:03","modified_gmt":"2025-02-17T12:24:03","slug":"hakkimizda","status":"publish","type":"page","link":"https:\/\/fruita.com.tr\/tr\/hakkimizda\/","title":{"rendered":"Hakk\u0131m\u0131zda"},"content":{"rendered":"\t\t<div data-elementor-type=\"wp-page\" data-elementor-id=\"7787\" class=\"elementor elementor-7787 elementor-69\" data-elementor-post-type=\"page\">\n\t\t\t\t\t\t<div class=\"elementor-section elementor-top-section elementor-element elementor-element-8aad423 elementor-section-stretched elementor-section-boxed elementor-section-height-default elementor-section-height-default\" data-id=\"8aad423\" data-element_type=\"section\" data-e-type=\"section\" data-settings=\"{&quot;stretch_section&quot;:&quot;section-stretched&quot;}\">\n\t\t\t\t\t\t<div class=\"elementor-container elementor-column-gap-no\">\n\t\t\t\t\t<div class=\"elementor-column elementor-col-100 elementor-top-column elementor-element elementor-element-140c3de\" data-id=\"140c3de\" data-element_type=\"column\" data-e-type=\"column\">\n\t\t\t<div class=\"elementor-widget-wrap elementor-element-populated\">\n\t\t\t\t\t\t<div class=\"elementor-section elementor-inner-section elementor-element elementor-element-e0383f7 elementor-section-full_width elementor-section-height-default elementor-section-height-default\" data-id=\"e0383f7\" data-element_type=\"section\" data-e-type=\"section\">\n\t\t\t\t\t\t<div class=\"elementor-container elementor-column-gap-no\">\n\t\t\t\t\t<div class=\"elementor-column elementor-col-100 elementor-inner-column elementor-element elementor-element-f6a1129\" data-id=\"f6a1129\" data-element_type=\"column\" data-e-type=\"column\">\n\t\t\t<div class=\"elementor-widget-wrap elementor-element-populated\">\n\t\t\t\t\t\t<div class=\"elementor-element elementor-element-876de6b tertiary-font elementor-widget elementor-widget-text-editor\" data-id=\"876de6b\" data-element_type=\"widget\" data-e-type=\"widget\" data-widget_type=\"text-editor.default\">\n\t\t\t\t<div class=\"elementor-widget-container\">\n\t\t\t\t\t\t\t\t\tHikayemiz\t\t\t\t\t\t\t\t<\/div>\n\t\t\t\t<\/div>\n\t\t\t\t<div class=\"elementor-element elementor-element-fae0d85 elementor-widget elementor-widget-text-editor\" data-id=\"fae0d85\" data-element_type=\"widget\" data-e-type=\"widget\" data-widget_type=\"text-editor.default\">\n\t\t\t\t<div class=\"elementor-widget-container\">\n\t\t\t\t\t\t\t\t\t<p>Fruita\u2019n\u0131n Hikayesi: Do\u011fall\u0131\u011f\u0131n ve Lezzetin Bulu\u015fma Noktas\u0131<\/p><p>2021 y\u0131l\u0131nda Ankara\u2019da b\u00fcy\u00fck bir heyecanla kurulan Fruita, do\u011fan\u0131n en saf ve en tatl\u0131 lezzetlerini herkesle bulu\u015fturmay\u0131 ama\u00e7layan yenilik\u00e7i bir markad\u0131r. %100 yerli kaynaklarla \u00fcretilen, katk\u0131 maddesi i\u00e7ermeyen ve besin de\u011ferlerini koruyan at\u0131\u015ft\u0131rmal\u0131klar\u0131yla Fruita, dondurularak kurutulmu\u015f meyve sekt\u00f6r\u00fcnde global pazarda yerini ald\u0131.<\/p><p>\u0130ki giri\u015fimcinin sa\u011fl\u0131kl\u0131 at\u0131\u015ft\u0131rmal\u0131k tutkusuyla ba\u015flayan bu ser\u00fcven, modern teknolojilerle \u00fcretilen do\u011fal at\u0131\u015ft\u0131rmal\u0131klar sayesinde bug\u00fcn binlerce insan\u0131n favorisi haline geldi. Meyve sevgisi ve inovasyon ruhunu birle\u015ftiren Fruita, yaln\u0131zca lezzetli at\u0131\u015ft\u0131rmal\u0131klar sunmay\u0131 de\u011fil, ayn\u0131 zamanda sa\u011fl\u0131kl\u0131 ya\u015fam\u0131 desteklemeyi de misyon edindi.<\/p><p>Do\u011fal Meyveler, Benzersiz Lezzetler<\/p><p>Fruita olarak, do\u011fan\u0131n sundu\u011fu en kaliteli ve en taze meyveleri \u00f6zenle se\u00e7iyor ve dondurarak kurutma (freeze-drying) teknolojisiyle i\u015fleyerek besin de\u011ferlerini maksimum seviyede koruyoruz. Bu y\u00f6ntem sayesinde meyvelerimiz:<\/p><p>\u2705 %100 do\u011fal ve katk\u0131 maddesi i\u00e7ermez.<br \/>\u2705 Vitamin ve minerallerini kaybetmez.<br \/>\u2705 Uzun raf \u00f6mr\u00fcne sahip, sa\u011fl\u0131kl\u0131 bir at\u0131\u015ft\u0131rmal\u0131k olarak t\u00fcketilebilir.<br \/>\u2705 Glutensiz, koruyucusuz ve ilave \u015fekersiz alternatifiyle herkese hitap eder.<\/p><p>Ayr\u0131ca \u00e7ikolata kapl\u0131 \u00e7ilek gibi \u00f6zel lezzetlerimizle tatl\u0131 krizlerine sa\u011fl\u0131kl\u0131 \u00e7\u00f6z\u00fcmler sunuyoruz.<\/p><p>Global Arenada Sa\u011fl\u0131kl\u0131 At\u0131\u015ft\u0131rmal\u0131k Trendi<\/p><p>K\u0131sa s\u00fcrede, dondurularak kurutulmu\u015f meyve \u00fcr\u00fcnlerimiz yerel ve uluslararas\u0131 pazarlarda b\u00fcy\u00fck ilgi g\u00f6rd\u00fc. Fruita, inovatif ve lezzetli \u00fcr\u00fcnleriyle h\u0131zla b\u00fcy\u00fcyerek sa\u011fl\u0131kl\u0131 at\u0131\u015ft\u0131rmal\u0131k denildi\u011finde akla gelen markalardan biri haline geldi.<\/p><p>Bug\u00fcn, Fruita \u00fcr\u00fcnleri d\u00fcnyan\u0131n d\u00f6rt bir yan\u0131ndaki mutfaklarda ve at\u0131\u015ft\u0131rmal\u0131k sepetlerinde yer al\u0131yor. Her bir meyve par\u00e7am\u0131z, kaliteye, do\u011fall\u0131\u011fa ve yenili\u011fe olan ba\u011fl\u0131l\u0131\u011f\u0131m\u0131z\u0131n bir g\u00f6stergesi.<\/p><p>Sa\u011fl\u0131kl\u0131 Gelecek \u0130\u00e7in Do\u011fal Se\u00e7im<\/p><p>Fruita olarak amac\u0131m\u0131z, her ya\u015ftan insan\u0131n sa\u011fl\u0131kl\u0131 beslenme al\u0131\u015fkanl\u0131klar\u0131n\u0131 desteklemek ve do\u011fal at\u0131\u015ft\u0131rmal\u0131klarla hayatlar\u0131na lezzet katmak. Yenilik\u00e7i yakla\u015f\u0131m\u0131m\u0131z ve do\u011faya duydu\u011fumuz sayg\u0131yla global bir marka olma yolunda emin ad\u0131mlarla ilerliyoruz.<\/p><p>Bug\u00fcn Fruita\u2019y\u0131 tercih eden herkes, bu b\u00fcy\u00fcl\u00fc yolculu\u011fun bir par\u00e7as\u0131 oluyor ve her \u0131s\u0131r\u0131kta do\u011fan\u0131n en saf halini deneyimliyor.<\/p><p>Do\u011fal olan\u0131 ke\u015ffet, sa\u011fl\u0131kl\u0131 ya\u015fa!<\/p>\t\t\t\t\t\t\t\t<\/div>\n\t\t\t\t<\/div>\n\t\t\t\t\t<\/div>\n\t\t<\/div>\n\t\t\t\t\t<\/div>\n\t\t<\/div>\n\t\t\t\t\t<\/div>\n\t\t<\/div>\n\t\t\t\t\t<\/div>\n\t\t<\/div>\n\t\t\t\t<\/div>\n\t\t","protected":false},"excerpt":{"rendered":"<p>Hikayemiz Fruita\u2019n\u0131n Hikayesi: Do\u011fall\u0131\u011f\u0131n ve Lezzetin Bulu\u015fma Noktas\u0131 2021 y\u0131l\u0131nda Ankara\u2019da b\u00fcy\u00fck bir heyecanla kurulan Fruita, do\u011fan\u0131n en saf ve en tatl\u0131 lezzetlerini herkesle bulu\u015fturmay\u0131 ama\u00e7layan yenilik\u00e7i bir markad\u0131r. %100 yerli kaynaklarla \u00fcretilen, katk\u0131 maddesi i\u00e7ermeyen ve besin de\u011ferlerini koruyan at\u0131\u015ft\u0131rmal\u0131klar\u0131yla Fruita, dondurularak kurutulmu\u015f meyve sekt\u00f6r\u00fcnde global pazarda yerini ald\u0131. \u0130ki giri\u015fimcinin sa\u011fl\u0131kl\u0131 at\u0131\u015ft\u0131rmal\u0131k tutkusuyla [&hellip;]<\/p>\n","protected":false},"author":1,"featured_media":0,"parent":0,"menu_order":0,"comment_status":"closed","ping_status":"closed","template":"","meta":{"footnotes":""},"class_list":["post-7787","page","type-page","status-publish","hentry"],"_links":{"self":[{"href":"https:\/\/fruita.com.tr\/tr\/wp-json\/wp\/v2\/pages\/7787","targetHints":{"allow":["GET"]}}],"collection":[{"href":"https:\/\/fruita.com.tr\/tr\/wp-json\/wp\/v2\/pages"}],"about":[{"href":"https:\/\/fruita.com.tr\/tr\/wp-json\/wp\/v2\/types\/page"}],"author":[{"embeddable":true,"href":"https:\/\/fruita.com.tr\/tr\/wp-json\/wp\/v2\/users\/1"}],"replies":[{"embeddable":true,"href":"https:\/\/fruita.com.tr\/tr\/wp-json\/wp\/v2\/comments?post=7787"}],"version-history":[{"count":4,"href":"https:\/\/fruita.com.tr\/tr\/wp-json\/wp\/v2\/pages\/7787\/revisions"}],"predecessor-version":[{"id":7798,"href":"https:\/\/fruita.com.tr\/tr\/wp-json\/wp\/v2\/pages\/7787\/revisions\/7798"}],"wp:attachment":[{"href":"https:\/\/fruita.com.tr\/tr\/wp-json\/wp\/v2\/media?parent=7787"}],"curies":[{"name":"wp","href":"https:\/\/api.w.org\/{rel}","templated":true}]}}