{"id":7597,"date":"2020-08-10T08:56:50","date_gmt":"2020-08-10T08:56:50","guid":{"rendered":"https:\/\/fruita.com.tr\/sss\/"},"modified":"2025-03-25T12:31:48","modified_gmt":"2025-03-25T12:31:48","slug":"sss","status":"publish","type":"page","link":"https:\/\/fruita.com.tr\/tr\/sss\/","title":{"rendered":"S\u0131k\u00e7a Sorulan Sorular"},"content":{"rendered":"\t\t<div data-elementor-type=\"wp-page\" data-elementor-id=\"7597\" class=\"elementor elementor-7597 elementor-84\" data-elementor-post-type=\"page\">\n\t\t\t\t\t\t<div class=\"elementor-section elementor-top-section elementor-element elementor-element-d985c3a elementor-section-stretched elementor-section-boxed elementor-section-height-default elementor-section-height-default\" data-id=\"d985c3a\" data-element_type=\"section\" data-e-type=\"section\" data-settings=\"{&quot;stretch_section&quot;:&quot;section-stretched&quot;}\">\n\t\t\t\t\t\t<div class=\"elementor-container elementor-column-gap-no\">\n\t\t\t\t\t<div class=\"elementor-column elementor-col-100 elementor-top-column elementor-element elementor-element-335a9f4\" data-id=\"335a9f4\" data-element_type=\"column\" data-e-type=\"column\">\n\t\t\t<div class=\"elementor-widget-wrap elementor-element-populated\">\n\t\t\t\t\t\t<div class=\"elementor-element elementor-element-9041441 elementor-widget elementor-widget-heading\" data-id=\"9041441\" data-element_type=\"widget\" data-e-type=\"widget\" data-widget_type=\"heading.default\">\n\t\t\t\t<div class=\"elementor-widget-container\">\n\t\t\t\t\t<h2 class=\"elementor-heading-title elementor-size-default\">Ho\u015f geldiniz, size nas\u0131l yard\u0131mc\u0131 olabiliriz?<\/h2>\t\t\t\t<\/div>\n\t\t\t\t<\/div>\n\t\t\t\t<div class=\"elementor-element elementor-element-7f7afd6 elementor-widget elementor-widget-accordion\" data-id=\"7f7afd6\" data-element_type=\"widget\" data-e-type=\"widget\" id=\"shipping\" data-widget_type=\"accordion.default\">\n\t\t\t\t<div class=\"elementor-widget-container\">\n\t\t\t\t\t\t\t<div class=\"elementor-accordion\">\n\t\t\t\t\t\t\t<div class=\"elementor-accordion-item\">\n\t\t\t\t\t<div id=\"elementor-tab-title-1331\" class=\"elementor-tab-title\" data-tab=\"1\" role=\"button\" aria-controls=\"elementor-tab-content-1331\" aria-expanded=\"false\">\n\t\t\t\t\t\t\t\t\t\t\t\t\t<span class=\"elementor-accordion-icon elementor-accordion-icon-left\" aria-hidden=\"true\">\n\t\t\t\t\t\t\t\t\t\t\t\t\t\t\t<span class=\"elementor-accordion-icon-closed\"><i class=\"freshio-icon- freshio-icon-plus-circle\"><\/i><\/span>\n\t\t\t\t\t\t\t\t<span class=\"elementor-accordion-icon-opened\"><i class=\"freshio-icon- freshio-icon-minus-circle\"><\/i><\/span>\n\t\t\t\t\t\t\t\t\t\t\t\t\t\t<\/span>\n\t\t\t\t\t\t\t\t\t\t\t\t<a class=\"elementor-accordion-title\" tabindex=\"0\">Freeze dry ne anlama geliyor?<\/a>\n\t\t\t\t\t<\/div>\n\t\t\t\t\t<div id=\"elementor-tab-content-1331\" class=\"elementor-tab-content elementor-clearfix\" data-tab=\"1\" role=\"region\" aria-labelledby=\"elementor-tab-title-1331\"><p>Freeze dry, meyve ve sebzelerin su i\u00e7eri\u011fini dondurarak kurutma i\u015flemidir. Bu y\u00f6ntem, besin de\u011ferlerini (%99 oran\u0131nda) ve lezzetlerini korurken, \u00fcr\u00fcnlerin uzun s\u00fcre dayanmas\u0131n\u0131 sa\u011flar.<\/p><\/div>\n\t\t\t\t<\/div>\n\t\t\t\t\t\t\t<div class=\"elementor-accordion-item\">\n\t\t\t\t\t<div id=\"elementor-tab-title-1332\" class=\"elementor-tab-title\" data-tab=\"2\" role=\"button\" aria-controls=\"elementor-tab-content-1332\" aria-expanded=\"false\">\n\t\t\t\t\t\t\t\t\t\t\t\t\t<span class=\"elementor-accordion-icon elementor-accordion-icon-left\" aria-hidden=\"true\">\n\t\t\t\t\t\t\t\t\t\t\t\t\t\t\t<span class=\"elementor-accordion-icon-closed\"><i class=\"freshio-icon- freshio-icon-plus-circle\"><\/i><\/span>\n\t\t\t\t\t\t\t\t<span class=\"elementor-accordion-icon-opened\"><i class=\"freshio-icon- freshio-icon-minus-circle\"><\/i><\/span>\n\t\t\t\t\t\t\t\t\t\t\t\t\t\t<\/span>\n\t\t\t\t\t\t\t\t\t\t\t\t<a class=\"elementor-accordion-title\" tabindex=\"0\">Freeze dry at\u0131\u015ft\u0131rmal\u0131klar sa\u011fl\u0131kl\u0131 m\u0131?<\/a>\n\t\t\t\t\t<\/div>\n\t\t\t\t\t<div id=\"elementor-tab-content-1332\" class=\"elementor-tab-content elementor-clearfix\" data-tab=\"2\" role=\"region\" aria-labelledby=\"elementor-tab-title-1332\"><p>Evet, freeze dry at\u0131\u015ft\u0131rmal\u0131klar sa\u011fl\u0131kl\u0131d\u0131r. Bu s\u00fcre\u00e7, meyve ve sebzelerin besin de\u011ferlerini korur ve kimyasal katk\u0131 maddeleri i\u00e7ermez. Do\u011fal tatl\u0131l\u0131k ve besleyicilik sa\u011flan\u0131r.<\/p><\/div>\n\t\t\t\t<\/div>\n\t\t\t\t\t\t\t<div class=\"elementor-accordion-item\">\n\t\t\t\t\t<div id=\"elementor-tab-title-1333\" class=\"elementor-tab-title\" data-tab=\"3\" role=\"button\" aria-controls=\"elementor-tab-content-1333\" aria-expanded=\"false\">\n\t\t\t\t\t\t\t\t\t\t\t\t\t<span class=\"elementor-accordion-icon elementor-accordion-icon-left\" aria-hidden=\"true\">\n\t\t\t\t\t\t\t\t\t\t\t\t\t\t\t<span class=\"elementor-accordion-icon-closed\"><i class=\"freshio-icon- freshio-icon-plus-circle\"><\/i><\/span>\n\t\t\t\t\t\t\t\t<span class=\"elementor-accordion-icon-opened\"><i class=\"freshio-icon- freshio-icon-minus-circle\"><\/i><\/span>\n\t\t\t\t\t\t\t\t\t\t\t\t\t\t<\/span>\n\t\t\t\t\t\t\t\t\t\t\t\t<a class=\"elementor-accordion-title\" tabindex=\"0\">Freeze dry \u00fcr\u00fcnler nas\u0131l saklanmal\u0131d\u0131r?<\/a>\n\t\t\t\t\t<\/div>\n\t\t\t\t\t<div id=\"elementor-tab-content-1333\" class=\"elementor-tab-content elementor-clearfix\" data-tab=\"3\" role=\"region\" aria-labelledby=\"elementor-tab-title-1333\"><p>Freeze dry \u00fcr\u00fcnler, serin ve kuru bir yerde muhafaza edilmelidir. Ambalaj a\u00e7\u0131ld\u0131ktan sonra, hava ge\u00e7irmez bir kapta saklanmas\u0131 \u00f6nerilir.<\/p><\/div>\n\t\t\t\t<\/div>\n\t\t\t\t\t\t\t<div class=\"elementor-accordion-item\">\n\t\t\t\t\t<div id=\"elementor-tab-title-1334\" class=\"elementor-tab-title\" data-tab=\"4\" role=\"button\" aria-controls=\"elementor-tab-content-1334\" aria-expanded=\"false\">\n\t\t\t\t\t\t\t\t\t\t\t\t\t<span class=\"elementor-accordion-icon elementor-accordion-icon-left\" aria-hidden=\"true\">\n\t\t\t\t\t\t\t\t\t\t\t\t\t\t\t<span class=\"elementor-accordion-icon-closed\"><i class=\"freshio-icon- freshio-icon-plus-circle\"><\/i><\/span>\n\t\t\t\t\t\t\t\t<span class=\"elementor-accordion-icon-opened\"><i class=\"freshio-icon- freshio-icon-minus-circle\"><\/i><\/span>\n\t\t\t\t\t\t\t\t\t\t\t\t\t\t<\/span>\n\t\t\t\t\t\t\t\t\t\t\t\t<a class=\"elementor-accordion-title\" tabindex=\"0\">Freeze dry \u00fcr\u00fcnlerin raf \u00f6mr\u00fc ne kadar?<\/a>\n\t\t\t\t\t<\/div>\n\t\t\t\t\t<div id=\"elementor-tab-content-1334\" class=\"elementor-tab-content elementor-clearfix\" data-tab=\"4\" role=\"region\" aria-labelledby=\"elementor-tab-title-1334\"><p>Uygun \u015fekilde sakland\u0131\u011f\u0131nda, freeze dry \u00fcr\u00fcnlerin raf \u00f6mr\u00fc genellikle 1-2 y\u0131ld\u0131r. Ambalaj\u0131n \u00fczerinde belirtilen son kullanma tarihine dikkat edilmelidir.<\/p><\/div>\n\t\t\t\t<\/div>\n\t\t\t\t\t\t\t<div class=\"elementor-accordion-item\">\n\t\t\t\t\t<div id=\"elementor-tab-title-1335\" class=\"elementor-tab-title\" data-tab=\"5\" role=\"button\" aria-controls=\"elementor-tab-content-1335\" aria-expanded=\"false\">\n\t\t\t\t\t\t\t\t\t\t\t\t\t<span class=\"elementor-accordion-icon elementor-accordion-icon-left\" aria-hidden=\"true\">\n\t\t\t\t\t\t\t\t\t\t\t\t\t\t\t<span class=\"elementor-accordion-icon-closed\"><i class=\"freshio-icon- freshio-icon-plus-circle\"><\/i><\/span>\n\t\t\t\t\t\t\t\t<span class=\"elementor-accordion-icon-opened\"><i class=\"freshio-icon- freshio-icon-minus-circle\"><\/i><\/span>\n\t\t\t\t\t\t\t\t\t\t\t\t\t\t<\/span>\n\t\t\t\t\t\t\t\t\t\t\t\t<a class=\"elementor-accordion-title\" tabindex=\"0\">Freeze dry at\u0131\u015ft\u0131rmal\u0131klar\u0131n lezzeti nas\u0131l?<\/a>\n\t\t\t\t\t<\/div>\n\t\t\t\t\t<div id=\"elementor-tab-content-1335\" class=\"elementor-tab-content elementor-clearfix\" data-tab=\"5\" role=\"region\" aria-labelledby=\"elementor-tab-title-1335\"><p>Freeze dry at\u0131\u015ft\u0131rmal\u0131klar, taze meyve ve sebzelerin lezzetini yo\u011fun bir \u015fekilde korur. \u00c7\u0131t\u0131r \u00e7\u0131t\u0131r dokusu ve yo\u011fun aromas\u0131yla lezzetli bir at\u0131\u015ft\u0131rmal\u0131k deneyimi sunar.<\/p><\/div>\n\t\t\t\t<\/div>\n\t\t\t\t\t\t\t<div class=\"elementor-accordion-item\">\n\t\t\t\t\t<div id=\"elementor-tab-title-1336\" class=\"elementor-tab-title\" data-tab=\"6\" role=\"button\" aria-controls=\"elementor-tab-content-1336\" aria-expanded=\"false\">\n\t\t\t\t\t\t\t\t\t\t\t\t\t<span class=\"elementor-accordion-icon elementor-accordion-icon-left\" aria-hidden=\"true\">\n\t\t\t\t\t\t\t\t\t\t\t\t\t\t\t<span class=\"elementor-accordion-icon-closed\"><i class=\"freshio-icon- freshio-icon-plus-circle\"><\/i><\/span>\n\t\t\t\t\t\t\t\t<span class=\"elementor-accordion-icon-opened\"><i class=\"freshio-icon- freshio-icon-minus-circle\"><\/i><\/span>\n\t\t\t\t\t\t\t\t\t\t\t\t\t\t<\/span>\n\t\t\t\t\t\t\t\t\t\t\t\t<a class=\"elementor-accordion-title\" tabindex=\"0\">Freeze dry at\u0131\u015ft\u0131rmal\u0131klar hangi durumlarda tercih edilebilir?<\/a>\n\t\t\t\t\t<\/div>\n\t\t\t\t\t<div id=\"elementor-tab-content-1336\" class=\"elementor-tab-content elementor-clearfix\" data-tab=\"6\" role=\"region\" aria-labelledby=\"elementor-tab-title-1336\"><p>Freeze dry at\u0131\u015ft\u0131rmal\u0131klar, hafif, ta\u015f\u0131nabilir ve besleyici olduklar\u0131 i\u00e7in y\u00fcr\u00fcy\u00fc\u015f, kamp, okul, i\u015f yeri gibi her t\u00fcrl\u00fc aktivitede tercih edilebilir. Ayr\u0131ca, \u00e7ocuklar i\u00e7in sa\u011fl\u0131kl\u0131 bir at\u0131\u015ft\u0131rmal\u0131k se\u00e7ene\u011fidir.<\/p><\/div>\n\t\t\t\t<\/div>\n\t\t\t\t\t\t\t<div class=\"elementor-accordion-item\">\n\t\t\t\t\t<div id=\"elementor-tab-title-1337\" class=\"elementor-tab-title\" data-tab=\"7\" role=\"button\" aria-controls=\"elementor-tab-content-1337\" aria-expanded=\"false\">\n\t\t\t\t\t\t\t\t\t\t\t\t\t<span class=\"elementor-accordion-icon elementor-accordion-icon-left\" aria-hidden=\"true\">\n\t\t\t\t\t\t\t\t\t\t\t\t\t\t\t<span class=\"elementor-accordion-icon-closed\"><i class=\"freshio-icon- freshio-icon-plus-circle\"><\/i><\/span>\n\t\t\t\t\t\t\t\t<span class=\"elementor-accordion-icon-opened\"><i class=\"freshio-icon- freshio-icon-minus-circle\"><\/i><\/span>\n\t\t\t\t\t\t\t\t\t\t\t\t\t\t<\/span>\n\t\t\t\t\t\t\t\t\t\t\t\t<a class=\"elementor-accordion-title\" tabindex=\"0\">\u00c7ikolata kapl\u0131 freeze dry \u00fcr\u00fcnler sa\u011fl\u0131kl\u0131 m\u0131d\u0131r?<\/a>\n\t\t\t\t\t<\/div>\n\t\t\t\t\t<div id=\"elementor-tab-content-1337\" class=\"elementor-tab-content elementor-clearfix\" data-tab=\"7\" role=\"region\" aria-labelledby=\"elementor-tab-title-1337\"><p>\u00c7ikolata kapl\u0131 freeze dry \u00fcr\u00fcnler, tatl\u0131 bir ka\u00e7amak isteyenler i\u00e7in m\u00fckemmel bir se\u00e7enektir. \u00c7ikolatan\u0131n t\u00fcr\u00fcne ve miktar\u0131na ba\u011fl\u0131 olarak, bu \u00fcr\u00fcnler de sa\u011fl\u0131k a\u00e7\u0131s\u0131ndan faydal\u0131 olabilir. Bitter \u00e7ikolata kaplamal\u0131 \u00fcr\u00fcnler, daha az \u015feker i\u00e7eri\u011fi ile sa\u011fl\u0131kl\u0131 bir tatl\u0131 alternatifi sunar.<\/p><\/div>\n\t\t\t\t<\/div>\n\t\t\t\t\t\t\t\t<\/div>\n\t\t\t\t\t\t<\/div>\n\t\t\t\t<\/div>\n\t\t\t\t\t<\/div>\n\t\t<\/div>\n\t\t\t\t\t<\/div>\n\t\t<\/div>\n\t\t\t\t<\/div>\n\t\t","protected":false},"excerpt":{"rendered":"<p>Ho\u015f geldiniz, size nas\u0131l yard\u0131mc\u0131 olabiliriz? Freeze dry ne anlama geliyor? Freeze dry, meyve ve sebzelerin su i\u00e7eri\u011fini dondurarak kurutma i\u015flemidir. Bu y\u00f6ntem, besin de\u011ferlerini (%99 oran\u0131nda) ve lezzetlerini korurken, \u00fcr\u00fcnlerin uzun s\u00fcre dayanmas\u0131n\u0131 sa\u011flar. Freeze dry at\u0131\u015ft\u0131rmal\u0131klar sa\u011fl\u0131kl\u0131 m\u0131? Evet, freeze dry at\u0131\u015ft\u0131rmal\u0131klar sa\u011fl\u0131kl\u0131d\u0131r. Bu s\u00fcre\u00e7, meyve ve sebzelerin besin de\u011ferlerini korur ve kimyasal [&hellip;]<\/p>\n","protected":false},"author":1,"featured_media":0,"parent":0,"menu_order":0,"comment_status":"closed","ping_status":"closed","template":"","meta":{"footnotes":""},"class_list":["post-7597","page","type-page","status-publish","hentry"],"_links":{"self":[{"href":"https:\/\/fruita.com.tr\/tr\/wp-json\/wp\/v2\/pages\/7597","targetHints":{"allow":["GET"]}}],"collection":[{"href":"https:\/\/fruita.com.tr\/tr\/wp-json\/wp\/v2\/pages"}],"about":[{"href":"https:\/\/fruita.com.tr\/tr\/wp-json\/wp\/v2\/types\/page"}],"author":[{"embeddable":true,"href":"https:\/\/fruita.com.tr\/tr\/wp-json\/wp\/v2\/users\/1"}],"replies":[{"embeddable":true,"href":"https:\/\/fruita.com.tr\/tr\/wp-json\/wp\/v2\/comments?post=7597"}],"version-history":[{"count":5,"href":"https:\/\/fruita.com.tr\/tr\/wp-json\/wp\/v2\/pages\/7597\/revisions"}],"predecessor-version":[{"id":7942,"href":"https:\/\/fruita.com.tr\/tr\/wp-json\/wp\/v2\/pages\/7597\/revisions\/7942"}],"wp:attachment":[{"href":"https:\/\/fruita.com.tr\/tr\/wp-json\/wp\/v2\/media?parent=7597"}],"curies":[{"name":"wp","href":"https:\/\/api.w.org\/{rel}","templated":true}]}}