{"id":7282,"date":"2025-02-11T20:04:00","date_gmt":"2025-02-11T20:04:00","guid":{"rendered":"https:\/\/fruita.com.tr\/index.php\/cart\/"},"modified":"2025-02-12T18:42:08","modified_gmt":"2025-02-12T18:42:08","slug":"cart","status":"publish","type":"page","link":"https:\/\/fruita.com.tr\/tr\/cart\/","title":{"rendered":"Cart"},"content":{"rendered":"\n<div data-block-name=\"woocommerce\/cart\" class=\"wp-block-woocommerce-cart alignwide is-loading\">\n<div data-block-name=\"woocommerce\/filled-cart-block\" class=\"wp-block-woocommerce-filled-cart-block\">\n<div data-block-name=\"woocommerce\/cart-items-block\" class=\"wp-block-woocommerce-cart-items-block\">\n<div data-block-name=\"woocommerce\/cart-line-items-block\" class=\"wp-block-woocommerce-cart-line-items-block\"><\/div>\n\n\n\n<div data-block-name=\"woocommerce\/cart-cross-sells-block\" class=\"wp-block-woocommerce-cart-cross-sells-block\">\n<h2 class=\"wp-block-heading has-large-font-size\">You may be interested in\u2026<\/h2>\n\n\n\n<div data-block-name=\"woocommerce\/cart-cross-sells-products-block\" class=\"wp-block-woocommerce-cart-cross-sells-products-block\"><\/div>\n<\/div>\n<\/div>\n\n\n\n<div data-block-name=\"woocommerce\/cart-totals-block\" class=\"wp-block-woocommerce-cart-totals-block\">\n<div data-block-name=\"woocommerce\/cart-order-summary-block\" class=\"wp-block-woocommerce-cart-order-summary-block\">\n<div data-block-name=\"woocommerce\/cart-order-summary-heading-block\" class=\"wp-block-woocommerce-cart-order-summary-heading-block\"><\/div><div data-block-name=\"woocommerce\/cart-order-summary-coupon-form-block\" class=\"wp-block-woocommerce-cart-order-summary-coupon-form-block\"><\/div><div data-block-name=\"woocommerce\/cart-order-summary-totals-block\" class=\"wp-block-woocommerce-cart-order-summary-totals-block\">\n<div data-block-name=\"woocommerce\/cart-order-summary-subtotal-block\" class=\"wp-block-woocommerce-cart-order-summary-subtotal-block\"><\/div>\n<div data-block-name=\"woocommerce\/cart-order-summary-discount-block\" class=\"wp-block-woocommerce-cart-order-summary-discount-block\"><\/div>\n<div data-block-name=\"woocommerce\/cart-order-summary-fee-block\" class=\"wp-block-woocommerce-cart-order-summary-fee-block\"><\/div>\n<div data-block-name=\"woocommerce\/cart-order-summary-shipping-block\" class=\"wp-block-woocommerce-cart-order-summary-shipping-block\"><\/div>\n<div data-block-name=\"woocommerce\/cart-order-summary-taxes-block\" class=\"wp-block-woocommerce-cart-order-summary-taxes-block\"><\/div><\/div>\n<\/div>\n\n\n\n<div data-block-name=\"woocommerce\/cart-express-payment-block\" class=\"wp-block-woocommerce-cart-express-payment-block\"><\/div>\n\n\n\n<div data-block-name=\"woocommerce\/proceed-to-checkout-block\" class=\"wp-block-woocommerce-proceed-to-checkout-block\"><\/div>\n\n\n\n<div data-block-name=\"woocommerce\/cart-accepted-payment-methods-block\" class=\"wp-block-woocommerce-cart-accepted-payment-methods-block\"><\/div>\n<\/div>\n<\/div>\n\n\n\n<div data-block-name=\"woocommerce\/empty-cart-block\" class=\"wp-block-woocommerce-empty-cart-block\">\n<h2 class=\"wp-block-heading has-text-align-center with-empty-cart-icon wc-block-cart__empty-cart__title\">Your cart is currently empty!<\/h2>\n\n\n\n<hr class=\"wp-block-separator has-alpha-channel-opacity is-style-dots\"\/>\n\n\n\n<h2 class=\"wp-block-heading has-text-align-center\">New in store<\/h2>\n\n\n<div data-block-name=\"woocommerce\/product-new\" data-columns=\"4\" data-rows=\"1\" class=\"wc-block-grid wp-block-product-new wp-block-woocommerce-product-new wc-block-product-new has-4-columns\"><ul class=\"wc-block-grid__products\"><li class=\"wc-block-grid__product\">\n\t\t\t\t<a href=\"https:\/\/fruita.com.tr\/tr\/urun\/findikli-cilekli-whey-proteinli-krem-200g\/\" class=\"wc-block-grid__product-link\">\n\t\t\t\t\t\n\t\t\t\t\t<div class=\"wc-block-grid__product-image\"><img fetchpriority=\"high\" decoding=\"async\" width=\"450\" height=\"450\" src=\"https:\/\/fruita.com.tr\/wp-content\/uploads\/2025\/08\/WhatsApp-Image-2025-08-28-at-10.53.32-1-450x450.jpeg\" class=\"attachment-woocommerce_thumbnail size-woocommerce_thumbnail\" alt=\"F\u0131nd\u0131kl\u0131 \u00c7ilekli Whey Proteinli Krema 200g\" srcset=\"https:\/\/fruita.com.tr\/wp-content\/uploads\/2025\/08\/WhatsApp-Image-2025-08-28-at-10.53.32-1-450x450.jpeg 450w, https:\/\/fruita.com.tr\/wp-content\/uploads\/2025\/08\/WhatsApp-Image-2025-08-28-at-10.53.32-1-300x300.jpeg 300w, https:\/\/fruita.com.tr\/wp-content\/uploads\/2025\/08\/WhatsApp-Image-2025-08-28-at-10.53.32-1-1024x1024.jpeg 1024w, https:\/\/fruita.com.tr\/wp-content\/uploads\/2025\/08\/WhatsApp-Image-2025-08-28-at-10.53.32-1-150x150.jpeg 150w, https:\/\/fruita.com.tr\/wp-content\/uploads\/2025\/08\/WhatsApp-Image-2025-08-28-at-10.53.32-1-768x768.jpeg 768w, https:\/\/fruita.com.tr\/wp-content\/uploads\/2025\/08\/WhatsApp-Image-2025-08-28-at-10.53.32-1-1536x1536.jpeg 1536w, https:\/\/fruita.com.tr\/wp-content\/uploads\/2025\/08\/WhatsApp-Image-2025-08-28-at-10.53.32-1-100x100.jpeg 100w, https:\/\/fruita.com.tr\/wp-content\/uploads\/2025\/08\/WhatsApp-Image-2025-08-28-at-10.53.32-1-800x800.jpeg 800w, https:\/\/fruita.com.tr\/wp-content\/uploads\/2025\/08\/WhatsApp-Image-2025-08-28-at-10.53.32-1-50x50.jpeg 50w, https:\/\/fruita.com.tr\/wp-content\/uploads\/2025\/08\/WhatsApp-Image-2025-08-28-at-10.53.32-1-460x460.jpeg 460w, https:\/\/fruita.com.tr\/wp-content\/uploads\/2025\/08\/WhatsApp-Image-2025-08-28-at-10.53.32-1.jpeg 1600w\" sizes=\"(max-width: 450px) 100vw, 450px\" \/><\/div>\n\t\t\t\t\t<div class=\"wc-block-grid__product-title\">F\u0131nd\u0131kl\u0131 \u00c7ilekli Whey Proteinli Krema 200g<\/div>\n\t\t\t\t<\/a>\n\t\t\t\t<div class=\"wc-block-grid__product-price price\"><\/div>\n\t\t\t\t\n\t\t\t\t<div class=\"wp-block-button wc-block-grid__product-add-to-cart\"><a href=\"https:\/\/fruita.com.tr\/tr\/urun\/findikli-cilekli-whey-proteinli-krem-200g\/\" aria-label=\"&ldquo;F\u0131nd\u0131kl\u0131 \u00c7ilekli Whey Proteinli Krema 200g&rdquo; hakk\u0131nda daha fazla bilgi edinin\" data-quantity=\"1\" data-product_id=\"8405\" data-product_sku=\"\" data-price=\"0\" rel=\"nofollow\" class=\"wp-block-button__link  add_to_cart_button\">Devam\u0131n\u0131 oku<\/a><\/div>\n\t\t\t<\/li><li class=\"wc-block-grid__product\">\n\t\t\t\t<a href=\"https:\/\/fruita.com.tr\/tr\/urun\/findikli-bitter-cikolatali-whey-proteinli-krem-200g\/\" class=\"wc-block-grid__product-link\">\n\t\t\t\t\t\n\t\t\t\t\t<div class=\"wc-block-grid__product-image\"><img decoding=\"async\" width=\"450\" height=\"450\" src=\"https:\/\/fruita.com.tr\/wp-content\/uploads\/2025\/08\/WhatsApp-Image-2025-08-28-at-10.53.32-450x450.jpeg\" class=\"attachment-woocommerce_thumbnail size-woocommerce_thumbnail\" alt=\"F\u0131nd\u0131kl\u0131 Bitter \u00c7ikolatal\u0131 Whey Proteinli Krema 200g\" srcset=\"https:\/\/fruita.com.tr\/wp-content\/uploads\/2025\/08\/WhatsApp-Image-2025-08-28-at-10.53.32-450x450.jpeg 450w, https:\/\/fruita.com.tr\/wp-content\/uploads\/2025\/08\/WhatsApp-Image-2025-08-28-at-10.53.32-300x300.jpeg 300w, https:\/\/fruita.com.tr\/wp-content\/uploads\/2025\/08\/WhatsApp-Image-2025-08-28-at-10.53.32-1024x1024.jpeg 1024w, https:\/\/fruita.com.tr\/wp-content\/uploads\/2025\/08\/WhatsApp-Image-2025-08-28-at-10.53.32-150x150.jpeg 150w, https:\/\/fruita.com.tr\/wp-content\/uploads\/2025\/08\/WhatsApp-Image-2025-08-28-at-10.53.32-768x768.jpeg 768w, https:\/\/fruita.com.tr\/wp-content\/uploads\/2025\/08\/WhatsApp-Image-2025-08-28-at-10.53.32-1536x1536.jpeg 1536w, https:\/\/fruita.com.tr\/wp-content\/uploads\/2025\/08\/WhatsApp-Image-2025-08-28-at-10.53.32-100x100.jpeg 100w, https:\/\/fruita.com.tr\/wp-content\/uploads\/2025\/08\/WhatsApp-Image-2025-08-28-at-10.53.32-800x800.jpeg 800w, https:\/\/fruita.com.tr\/wp-content\/uploads\/2025\/08\/WhatsApp-Image-2025-08-28-at-10.53.32-50x50.jpeg 50w, https:\/\/fruita.com.tr\/wp-content\/uploads\/2025\/08\/WhatsApp-Image-2025-08-28-at-10.53.32-460x460.jpeg 460w, https:\/\/fruita.com.tr\/wp-content\/uploads\/2025\/08\/WhatsApp-Image-2025-08-28-at-10.53.32.jpeg 1600w\" sizes=\"(max-width: 450px) 100vw, 450px\" \/><\/div>\n\t\t\t\t\t<div class=\"wc-block-grid__product-title\">F\u0131nd\u0131kl\u0131 Bitter \u00c7ikolatal\u0131 Whey Proteinli Krema 200g<\/div>\n\t\t\t\t<\/a>\n\t\t\t\t<div class=\"wc-block-grid__product-price price\"><\/div>\n\t\t\t\t\n\t\t\t\t<div class=\"wp-block-button wc-block-grid__product-add-to-cart\"><a href=\"https:\/\/fruita.com.tr\/tr\/urun\/findikli-bitter-cikolatali-whey-proteinli-krem-200g\/\" aria-label=\"&ldquo;F\u0131nd\u0131kl\u0131 Bitter \u00c7ikolatal\u0131 Whey Proteinli Krema 200g&rdquo; hakk\u0131nda daha fazla bilgi edinin\" data-quantity=\"1\" data-product_id=\"8404\" data-product_sku=\"\" data-price=\"0\" rel=\"nofollow\" class=\"wp-block-button__link  add_to_cart_button\">Devam\u0131n\u0131 oku<\/a><\/div>\n\t\t\t<\/li><li class=\"wc-block-grid__product\">\n\t\t\t\t<a href=\"https:\/\/fruita.com.tr\/tr\/urun\/findikli-whey-proteinli-krem-200g\/\" class=\"wc-block-grid__product-link\">\n\t\t\t\t\t\n\t\t\t\t\t<div class=\"wc-block-grid__product-image\"><img decoding=\"async\" width=\"450\" height=\"450\" src=\"https:\/\/fruita.com.tr\/wp-content\/uploads\/2025\/08\/WhatsApp-Image-2025-08-28-at-10.53.32-2-450x450.jpeg\" class=\"attachment-woocommerce_thumbnail size-woocommerce_thumbnail\" alt=\"F\u0131nd\u0131kl\u0131 S\u00fctl\u00fc \u00c7ikolatal\u0131 Whey Proteinli Krema 200g\" srcset=\"https:\/\/fruita.com.tr\/wp-content\/uploads\/2025\/08\/WhatsApp-Image-2025-08-28-at-10.53.32-2-450x450.jpeg 450w, https:\/\/fruita.com.tr\/wp-content\/uploads\/2025\/08\/WhatsApp-Image-2025-08-28-at-10.53.32-2-300x300.jpeg 300w, https:\/\/fruita.com.tr\/wp-content\/uploads\/2025\/08\/WhatsApp-Image-2025-08-28-at-10.53.32-2-1024x1024.jpeg 1024w, https:\/\/fruita.com.tr\/wp-content\/uploads\/2025\/08\/WhatsApp-Image-2025-08-28-at-10.53.32-2-150x150.jpeg 150w, https:\/\/fruita.com.tr\/wp-content\/uploads\/2025\/08\/WhatsApp-Image-2025-08-28-at-10.53.32-2-768x768.jpeg 768w, https:\/\/fruita.com.tr\/wp-content\/uploads\/2025\/08\/WhatsApp-Image-2025-08-28-at-10.53.32-2-1536x1536.jpeg 1536w, https:\/\/fruita.com.tr\/wp-content\/uploads\/2025\/08\/WhatsApp-Image-2025-08-28-at-10.53.32-2-100x100.jpeg 100w, https:\/\/fruita.com.tr\/wp-content\/uploads\/2025\/08\/WhatsApp-Image-2025-08-28-at-10.53.32-2-800x800.jpeg 800w, https:\/\/fruita.com.tr\/wp-content\/uploads\/2025\/08\/WhatsApp-Image-2025-08-28-at-10.53.32-2-50x50.jpeg 50w, https:\/\/fruita.com.tr\/wp-content\/uploads\/2025\/08\/WhatsApp-Image-2025-08-28-at-10.53.32-2-460x460.jpeg 460w, https:\/\/fruita.com.tr\/wp-content\/uploads\/2025\/08\/WhatsApp-Image-2025-08-28-at-10.53.32-2.jpeg 1600w\" sizes=\"(max-width: 450px) 100vw, 450px\" \/><\/div>\n\t\t\t\t\t<div class=\"wc-block-grid__product-title\">F\u0131nd\u0131kl\u0131 S\u00fctl\u00fc \u00c7ikolatal\u0131 Whey Proteinli Krema 200g<\/div>\n\t\t\t\t<\/a>\n\t\t\t\t<div class=\"wc-block-grid__product-price price\"><\/div>\n\t\t\t\t\n\t\t\t\t<div class=\"wp-block-button wc-block-grid__product-add-to-cart\"><a href=\"https:\/\/fruita.com.tr\/tr\/urun\/findikli-whey-proteinli-krem-200g\/\" aria-label=\"&ldquo;F\u0131nd\u0131kl\u0131 S\u00fctl\u00fc \u00c7ikolatal\u0131 Whey Proteinli Krema 200g&rdquo; hakk\u0131nda daha fazla bilgi edinin\" data-quantity=\"1\" data-product_id=\"8399\" data-product_sku=\"\" data-price=\"0\" rel=\"nofollow\" class=\"wp-block-button__link  add_to_cart_button\">Devam\u0131n\u0131 oku<\/a><\/div>\n\t\t\t<\/li><li class=\"wc-block-grid__product\">\n\t\t\t\t<a href=\"https:\/\/fruita.com.tr\/tr\/urun\/beyaz-sutlu-cikolata-kapli-dondurulmus-bogurtlen\/\" class=\"wc-block-grid__product-link\">\n\t\t\t\t\t\n\t\t\t\t\t<div class=\"wc-block-grid__product-image\"><img loading=\"lazy\" decoding=\"async\" width=\"450\" height=\"450\" src=\"https:\/\/fruita.com.tr\/wp-content\/uploads\/2025\/04\/blackberry-Mockup-450x450.jpg\" class=\"attachment-woocommerce_thumbnail size-woocommerce_thumbnail\" alt=\"Beyaz S\u00fctl\u00fc \u00c7ikolata Kapl\u0131 Dondurulmu\u015f B\u00f6\u011f\u00fcrtlen\" srcset=\"https:\/\/fruita.com.tr\/wp-content\/uploads\/2025\/04\/blackberry-Mockup-450x450.jpg 450w, https:\/\/fruita.com.tr\/wp-content\/uploads\/2025\/04\/blackberry-Mockup-150x150.jpg 150w, https:\/\/fruita.com.tr\/wp-content\/uploads\/2025\/04\/blackberry-Mockup-100x100.jpg 100w, https:\/\/fruita.com.tr\/wp-content\/uploads\/2025\/04\/blackberry-Mockup-50x50.jpg 50w, https:\/\/fruita.com.tr\/wp-content\/uploads\/2025\/04\/blackberry-Mockup-460x460.jpg 460w\" sizes=\"(max-width: 450px) 100vw, 450px\" \/><\/div>\n\t\t\t\t\t<div class=\"wc-block-grid__product-title\">Beyaz S\u00fctl\u00fc \u00c7ikolata Kapl\u0131 Dondurulmu\u015f B\u00f6\u011f\u00fcrtlen<\/div>\n\t\t\t\t<\/a>\n\t\t\t\t<div class=\"wc-block-grid__product-price price\"><\/div>\n\t\t\t\t\n\t\t\t\t<div class=\"wp-block-button wc-block-grid__product-add-to-cart\"><a href=\"https:\/\/fruita.com.tr\/tr\/urun\/beyaz-sutlu-cikolata-kapli-dondurulmus-bogurtlen\/\" aria-label=\"&ldquo;Beyaz S\u00fctl\u00fc \u00c7ikolata Kapl\u0131 Dondurulmu\u015f B\u00f6\u011f\u00fcrtlen&rdquo; hakk\u0131nda daha fazla bilgi edinin\" data-quantity=\"1\" data-product_id=\"8001\" data-product_sku=\"\" data-price=\"0\" rel=\"nofollow\" class=\"wp-block-button__link  add_to_cart_button\">Devam\u0131n\u0131 oku<\/a><\/div>\n\t\t\t<\/li><\/ul><\/div><\/div>\n<\/div>\n","protected":false},"excerpt":{"rendered":"","protected":false},"author":1,"featured_media":0,"parent":0,"menu_order":0,"comment_status":"closed","ping_status":"closed","template":"","meta":{"footnotes":""},"class_list":["post-7282","page","type-page","status-publish","hentry"],"_links":{"self":[{"href":"https:\/\/fruita.com.tr\/tr\/wp-json\/wp\/v2\/pages\/7282","targetHints":{"allow":["GET"]}}],"collection":[{"href":"https:\/\/fruita.com.tr\/tr\/wp-json\/wp\/v2\/pages"}],"about":[{"href":"https:\/\/fruita.com.tr\/tr\/wp-json\/wp\/v2\/types\/page"}],"author":[{"embeddable":true,"href":"https:\/\/fruita.com.tr\/tr\/wp-json\/wp\/v2\/users\/1"}],"replies":[{"embeddable":true,"href":"https:\/\/fruita.com.tr\/tr\/wp-json\/wp\/v2\/comments?post=7282"}],"version-history":[{"count":0,"href":"https:\/\/fruita.com.tr\/tr\/wp-json\/wp\/v2\/pages\/7282\/revisions"}],"wp:attachment":[{"href":"https:\/\/fruita.com.tr\/tr\/wp-json\/wp\/v2\/media?parent=7282"}],"curies":[{"name":"wp","href":"https:\/\/api.w.org\/{rel}","templated":true}]}}